{"id":26,"date":"2020-02-01T14:33:12","date_gmt":"2020-02-01T14:33:12","guid":{"rendered":"http:\/\/emde-coaching.de\/?page_id=26"},"modified":"2020-03-26T09:31:04","modified_gmt":"2020-03-26T09:31:04","slug":"ueber-michael-emde","status":"publish","type":"page","link":"https:\/\/emde-coaching.de\/?page_id=26","title":{"rendered":"\u00fcber michael emde"},"content":{"rendered":"\t\t<div data-elementor-type=\"wp-page\" data-elementor-id=\"26\" class=\"elementor elementor-26\">\n\t\t\t\t\t\t<section class=\"elementor-section elementor-top-section elementor-element elementor-element-f565bed elementor-section-boxed elementor-section-height-default elementor-section-height-default\" data-id=\"f565bed\" data-element_type=\"section\" data-e-type=\"section\">\n\t\t\t\t\t\t<div class=\"elementor-container elementor-column-gap-default\">\n\t\t\t\t\t<div class=\"elementor-column elementor-col-100 elementor-top-column elementor-element elementor-element-4eb6e757\" data-id=\"4eb6e757\" data-element_type=\"column\" data-e-type=\"column\">\n\t\t\t<div class=\"elementor-widget-wrap elementor-element-populated\">\n\t\t\t\t\t\t<div class=\"elementor-element elementor-element-3e3dbe4 elementor-widget elementor-widget-image\" data-id=\"3e3dbe4\" data-element_type=\"widget\" data-e-type=\"widget\" data-widget_type=\"image.default\">\n\t\t\t\t<div class=\"elementor-widget-container\">\n\t\t\t\t\t\t\t\t\t\t\t\t\t\t\t<img fetchpriority=\"high\" decoding=\"async\" width=\"300\" height=\"289\" src=\"https:\/\/emde-coaching.de\/wp-content\/uploads\/2020\/02\/Profil-neu-300x289.jpg\" class=\"attachment-medium size-medium wp-image-28\" alt=\"Michael Emde Profilfoto\" srcset=\"https:\/\/emde-coaching.de\/wp-content\/uploads\/2020\/02\/Profil-neu-300x289.jpg 300w, https:\/\/emde-coaching.de\/wp-content\/uploads\/2020\/02\/Profil-neu-1024x985.jpg 1024w, https:\/\/emde-coaching.de\/wp-content\/uploads\/2020\/02\/Profil-neu-768x739.jpg 768w, https:\/\/emde-coaching.de\/wp-content\/uploads\/2020\/02\/Profil-neu-1536x1478.jpg 1536w, https:\/\/emde-coaching.de\/wp-content\/uploads\/2020\/02\/Profil-neu-380x366.jpg 380w, https:\/\/emde-coaching.de\/wp-content\/uploads\/2020\/02\/Profil-neu-800x770.jpg 800w, https:\/\/emde-coaching.de\/wp-content\/uploads\/2020\/02\/Profil-neu-1160x1116.jpg 1160w, https:\/\/emde-coaching.de\/wp-content\/uploads\/2020\/02\/Profil-neu.jpg 1802w\" sizes=\"(max-width: 300px) 100vw, 300px\" \/>\t\t\t\t\t\t\t\t\t\t\t\t\t\t\t<\/div>\n\t\t\t\t<\/div>\n\t\t\t\t<div class=\"elementor-element elementor-element-0030163 elementor-widget-divider--view-line elementor-widget elementor-widget-divider\" data-id=\"0030163\" data-element_type=\"widget\" data-e-type=\"widget\" data-widget_type=\"divider.default\">\n\t\t\t\t<div class=\"elementor-widget-container\">\n\t\t\t\t\t\t\t<div class=\"elementor-divider\">\n\t\t\t<span class=\"elementor-divider-separator\">\n\t\t\t\t\t\t<\/span>\n\t\t<\/div>\n\t\t\t\t\t\t<\/div>\n\t\t\t\t<\/div>\n\t\t\t\t<div class=\"elementor-element elementor-element-32438c42 elementor-widget elementor-widget-text-editor\" data-id=\"32438c42\" data-element_type=\"widget\" data-e-type=\"widget\" data-widget_type=\"text-editor.default\">\n\t\t\t\t<div class=\"elementor-widget-container\">\n\t\t\t\t\t\t\t\t\t<p><\/p>\n<p>Ich wurde 1988 in M\u00fcnchen geboren und schloss meinen schulischen Werdegang mit dem Fachabitur im Sozialwesen (Psychologie und P\u00e4dagogik) erfolgreich ab. W\u00e4hrend meiner Schulzeit war ich f\u00fcr viele Mitsch\u00fcler der Ansprechpartner f\u00fcr Probleme in Beziehung und Familie. Da ich mich bereits sehr fr\u00fch f\u00fcr zwischenmenschliche Interaktion und Gruppendynamik interessierte, konnte ich hier sehr oft weiterhelfen.<\/p>\n<p>Nach meinem Zivildienst in einem bauernhof\u00e4hnlichen Betrieb, in dem ich viele handwerkliche F\u00e4higkeiten erlangte, erfolgte meine Ausbildung zum Kaufmann f\u00fcr Speditions- und Logistikdienstleistungen, in der ich meine Sozialkompetenzen voll ausnutzen konnte.<\/p>\n<p>Im Anschlu\u00df an einen sechsmonatigen Aufenthalt in Australien begann ich meine T\u00e4tigkeit in verschiedenen Logistikunternehmen und arbeite jetzt nach erfolgreicher Weiterbildung zum Verkehrsfachwirt im heimischen Speditionsbetrieb.<\/p>\n<p>Ich habe in dieser Zeit Freunde und Bekannte kommen und gehen sehen.<\/p>\n<p>Eine Sache blieb: Die Leidenschaft, Menschen mit meiner Expertise zu helfen.<\/p>\n<p><b>\u00a0<\/b><\/p>\n<p><\/p>\t\t\t\t\t\t\t\t<\/div>\n\t\t\t\t<\/div>\n\t\t\t\t\t<\/div>\n\t\t<\/div>\n\t\t\t\t\t<\/div>\n\t\t<\/section>\n\t\t\t\t<section class=\"elementor-section elementor-top-section elementor-element elementor-element-0b78b03 elementor-section-boxed elementor-section-height-default elementor-section-height-default\" data-id=\"0b78b03\" data-element_type=\"section\" data-e-type=\"section\">\n\t\t\t\t\t\t<div class=\"elementor-container elementor-column-gap-default\">\n\t\t\t\t\t<div class=\"elementor-column elementor-col-100 elementor-top-column elementor-element elementor-element-a45d0cc\" data-id=\"a45d0cc\" data-element_type=\"column\" data-e-type=\"column\">\n\t\t\t<div class=\"elementor-widget-wrap\">\n\t\t\t\t\t\t\t<\/div>\n\t\t<\/div>\n\t\t\t\t\t<\/div>\n\t\t<\/section>\n\t\t\t\t<\/div>\n\t\t","protected":false},"excerpt":{"rendered":"Ich wurde 1988 in M\u00fcnchen geboren und schloss meinen schulischen Werdegang mit dem Fachabitur im Sozialwesen (Psychologie und&hellip;\n","protected":false},"author":1,"featured_media":0,"parent":0,"menu_order":0,"comment_status":"closed","ping_status":"closed","template":"","meta":{"footnotes":""},"class_list":["post-26","page","type-page","status-publish"],"_links":{"self":[{"href":"https:\/\/emde-coaching.de\/index.php?rest_route=\/wp\/v2\/pages\/26","targetHints":{"allow":["GET"]}}],"collection":[{"href":"https:\/\/emde-coaching.de\/index.php?rest_route=\/wp\/v2\/pages"}],"about":[{"href":"https:\/\/emde-coaching.de\/index.php?rest_route=\/wp\/v2\/types\/page"}],"author":[{"embeddable":true,"href":"https:\/\/emde-coaching.de\/index.php?rest_route=\/wp\/v2\/users\/1"}],"replies":[{"embeddable":true,"href":"https:\/\/emde-coaching.de\/index.php?rest_route=%2Fwp%2Fv2%2Fcomments&post=26"}],"version-history":[{"count":7,"href":"https:\/\/emde-coaching.de\/index.php?rest_route=\/wp\/v2\/pages\/26\/revisions"}],"predecessor-version":[{"id":2225,"href":"https:\/\/emde-coaching.de\/index.php?rest_route=\/wp\/v2\/pages\/26\/revisions\/2225"}],"wp:attachment":[{"href":"https:\/\/emde-coaching.de\/index.php?rest_route=%2Fwp%2Fv2%2Fmedia&parent=26"}],"curies":[{"name":"wp","href":"https:\/\/api.w.org\/{rel}","templated":true}]}}